{"id":3063,"date":"2021-11-14T13:05:42","date_gmt":"2021-11-14T13:05:42","guid":{"rendered":"https:\/\/wp.vlthemes.me\/archee\/?page_id=3063"},"modified":"2026-03-19T16:22:53","modified_gmt":"2026-03-19T15:22:53","slug":"histoire-2","status":"publish","type":"page","link":"https:\/\/www.nomas.fr\/?page_id=3063","title":{"rendered":"Histoire de"},"content":{"rendered":"\t\t<div data-elementor-type=\"wp-page\" data-elementor-id=\"3063\" class=\"elementor elementor-3063\">\n\t\t\t\t\t\t<section data-img-position=\"\" class=\"elementor-section elementor-top-section elementor-element elementor-element-d03950f has-vertical-lines elementor-reverse-tablet elementor-reverse-mobile elementor-section-boxed elementor-section-height-default elementor-section-height-default\" data-id=\"d03950f\" data-element_type=\"section\" data-settings=\"{&quot;aos_animation_name&quot;:&quot;none&quot;}\">\n\t\t\t\t\t\t<div class=\"elementor-container elementor-column-gap-extended\">\n\t\t\t\t\t<div data-img-position=\"\" class=\"elementor-column elementor-col-33 elementor-top-column elementor-element elementor-element-407dcf8\" data-id=\"407dcf8\" data-element_type=\"column\" data-settings=\"{&quot;aos_animation_name&quot;:&quot;none&quot;}\">\n\t\t\t<div class=\"elementor-widget-wrap elementor-element-populated\">\n\t\t\t\t\t\t<div data-aos=\"custom\" data-aos-once=\"true\" class=\"elementor-element elementor-element-06a506d elementor-widget elementor-widget-vlt-section-title\" data-id=\"06a506d\" data-element_type=\"widget\" data-settings=\"{&quot;aos_animation_name&quot;:&quot;custom&quot;}\" data-widget_type=\"vlt-section-title.default\">\n\t\t\t\t<div class=\"elementor-widget-container\">\n\t\t\t\n\t\t<div class=\"vlt-section-title\">\n\n\t\t\t\n\t\t\t\n\t\t\t\t<h1 class=\"vlt-section-title__heading h2\">\n\n\t\t\t\t\t\n\t\t\t\t\tHISTOIRE DE ...\n\t\t\t\t\t\n\t\t\t\t<\/h1>\n\n\t\t\t\n\t\t\t\n\t\t<\/div>\n\n\t\t\t<\/div>\n\t\t\t\t<\/div>\n\t\t\t\t<div class=\"elementor-element elementor-element-76a7d25 elementor-widget elementor-widget-vlt-spacer\" data-id=\"76a7d25\" data-element_type=\"widget\" data-settings=\"{&quot;aos_animation_name&quot;:&quot;none&quot;}\" data-widget_type=\"vlt-spacer.default\">\n\t\t\t\t<div class=\"elementor-widget-container\">\n\t\t\t\n\t\t<div class=\"vlt-spacer\"><\/div>\n\n\t\t\t\t<\/div>\n\t\t\t\t<\/div>\n\t\t\t\t<div data-aos=\"custom\" data-aos-once=\"true\" class=\"elementor-element elementor-element-98ac5ea elementor-widget elementor-widget-vlt-styled-list\" data-id=\"98ac5ea\" data-element_type=\"widget\" data-settings=\"{&quot;aos_animation_name&quot;:&quot;custom&quot;}\" data-widget_type=\"vlt-styled-list.default\">\n\t\t\t\t<div class=\"elementor-widget-container\">\n\t\t\t\n\t\t<ul class=\"vlt-styled-list vlt-styled-list--style-2\">\n\n\t\t\t<li>Vincent Gallix, fondateur et designer de la marque, vit et travaille dans le Sud de la France.\nEnfant, il aime passer du temps dans l\u2019atelier d\u2019architecture de son grand \u2013 p\u00e8re et de son p\u00e8re, ou il d\u00e9couvre le processus cr\u00e9atif et l\u2019id\u00e9e du projet.\n<br><br>Au d\u00e9but des ann\u00e9es 1970 il r\u00e9alise des prototypes de si\u00e8ges et de lampes. Il d\u00e9cide qu\u2019un jour il sera designer.\nEn 1976, il expose pour la premi\u00e8re fois deux fauteuils en bois \u00e0 Int\u00e9rieur 76 en Belgique. Il obtient son dipl\u00f4me d\u2019Architecte d.p.l.g en 1979.\nDepuis, il exerce la profession d\u2019architecte et construit des batiments publics et priv\u00e9s.<br><br>\nEn 2008, il cr\u00e9e sa propre marque GALLIX, et \u00e9dite son propre design. Un an plus tard il remporte un Red Dot Design Award.\nLes amateurs du \u201cLess is more\u201d d\u00e9c\u00e8leront dans ses cr\u00e9ations le cheminement de la pens\u00e9e \u00e0 la mati\u00e8re qui donne naissance \u00e0 des lignes pures et essentielles.\nTous les mod\u00e8les sont pens\u00e9s, dessin\u00e9s et fabriqu\u00e9s en France.<\/li>\n\t\t<\/ul>\n\n\t\t\t\t<\/div>\n\t\t\t\t<\/div>\n\t\t\t\t<div class=\"elementor-element elementor-element-f7180bf elementor-widget elementor-widget-vlt-spacer\" data-id=\"f7180bf\" data-element_type=\"widget\" data-settings=\"{&quot;aos_animation_name&quot;:&quot;none&quot;}\" data-widget_type=\"vlt-spacer.default\">\n\t\t\t\t<div class=\"elementor-widget-container\">\n\t\t\t\n\t\t<div class=\"vlt-spacer\"><\/div>\n\n\t\t\t\t<\/div>\n\t\t\t\t<\/div>\n\t\t\t\t<div data-aos=\"custom\" data-aos-once=\"true\" class=\"elementor-element elementor-element-39c5318 elementor-widget elementor-widget-vlt-section-title\" data-id=\"39c5318\" data-element_type=\"widget\" data-settings=\"{&quot;aos_animation_name&quot;:&quot;custom&quot;}\" data-widget_type=\"vlt-section-title.default\">\n\t\t\t\t<div class=\"elementor-widget-container\">\n\t\t\t\n\t\t<div class=\"vlt-section-title\">\n\n\t\t\t\n\t\t\t\n\t\t\t\t<h1 class=\"vlt-section-title__heading h4\">\n\n\t\t\t\t\t\n\t\t\t\t\t\u00ab On ne pourra bien dessiner le simple qu\u2019apr\u00e8s une \u00e9tude approfondie du complexe \u00bb\n\t\t\t\t\t\n\t\t\t\t<\/h1>\n\n\t\t\t\n\t\t\t\n\t\t<\/div>\n\n\t\t\t<\/div>\n\t\t\t\t<\/div>\n\t\t\t\t<div class=\"elementor-element elementor-element-6e8ea30 elementor-widget elementor-widget-vlt-spacer\" data-id=\"6e8ea30\" data-element_type=\"widget\" data-settings=\"{&quot;aos_animation_name&quot;:&quot;none&quot;}\" data-widget_type=\"vlt-spacer.default\">\n\t\t\t\t<div class=\"elementor-widget-container\">\n\t\t\t\n\t\t<div class=\"vlt-spacer\"><\/div>\n\n\t\t\t\t<\/div>\n\t\t\t\t<\/div>\n\t\t\t\t<div class=\"elementor-element elementor-element-7510e47 elementor-widget elementor-widget-vlt-spacer\" data-id=\"7510e47\" data-element_type=\"widget\" data-settings=\"{&quot;aos_animation_name&quot;:&quot;none&quot;}\" data-widget_type=\"vlt-spacer.default\">\n\t\t\t\t<div class=\"elementor-widget-container\">\n\t\t\t\n\t\t<div class=\"vlt-spacer\"><\/div>\n\n\t\t\t\t<\/div>\n\t\t\t\t<\/div>\n\t\t\t\t<div class=\"elementor-element elementor-element-e45f63d elementor-widget elementor-widget-vlt-spacer\" data-id=\"e45f63d\" data-element_type=\"widget\" data-settings=\"{&quot;aos_animation_name&quot;:&quot;none&quot;}\" data-widget_type=\"vlt-spacer.default\">\n\t\t\t\t<div class=\"elementor-widget-container\">\n\t\t\t\n\t\t<div class=\"vlt-spacer\"><\/div>\n\n\t\t\t\t<\/div>\n\t\t\t\t<\/div>\n\t\t\t\t<div data-aos=\"custom\" data-aos-once=\"true\" class=\"elementor-element elementor-element-ca313dc elementor-widget elementor-widget-text-editor\" data-id=\"ca313dc\" data-element_type=\"widget\" data-settings=\"{&quot;aos_animation_name&quot;:&quot;custom&quot;}\" data-widget_type=\"text-editor.default\">\n\t\t\t\t<div class=\"elementor-widget-container\">\n\t\t\t<style>\/*! elementor - v3.22.0 - 26-06-2024 *\/\n.elementor-widget-text-editor.elementor-drop-cap-view-stacked .elementor-drop-cap{background-color:#69727d;color:#fff}.elementor-widget-text-editor.elementor-drop-cap-view-framed .elementor-drop-cap{color:#69727d;border:3px solid;background-color:transparent}.elementor-widget-text-editor:not(.elementor-drop-cap-view-default) .elementor-drop-cap{margin-top:8px}.elementor-widget-text-editor:not(.elementor-drop-cap-view-default) .elementor-drop-cap-letter{width:1em;height:1em}.elementor-widget-text-editor .elementor-drop-cap{float:left;text-align:center;line-height:1;font-size:50px}.elementor-widget-text-editor .elementor-drop-cap-letter{display:inline-block}<\/style>\t\t\t\t<h6>Gaston Bachelard<\/h6>\t\t\t\t\t\t<\/div>\n\t\t\t\t<\/div>\n\t\t\t\t<div class=\"elementor-element elementor-element-797c420 elementor-widget elementor-widget-vlt-spacer\" data-id=\"797c420\" data-element_type=\"widget\" data-settings=\"{&quot;aos_animation_name&quot;:&quot;none&quot;}\" data-widget_type=\"vlt-spacer.default\">\n\t\t\t\t<div class=\"elementor-widget-container\">\n\t\t\t\n\t\t<div class=\"vlt-spacer\"><\/div>\n\n\t\t\t\t<\/div>\n\t\t\t\t<\/div>\n\t\t\t\t<div data-aos=\"custom\" data-aos-delay=\"100\" data-aos-once=\"true\" class=\"elementor-element elementor-element-ac2ccd0 sticky-column elementor-widget__width-initial elementor-widget elementor-widget-vlt-simple-image\" data-id=\"ac2ccd0\" data-element_type=\"widget\" data-settings=\"{&quot;aos_animation_name&quot;:&quot;custom&quot;}\" data-widget_type=\"vlt-simple-image.default\">\n\t\t\t\t<div class=\"elementor-widget-container\">\n\t\t\t\n\t\t<div class=\"vlt-simple-image\">\n\n\t\t\t\n\t\t\t\n\t\t\t\t\n\t\t\t\t<img loading=\"lazy\" decoding=\"async\" width=\"586\" height=\"400\" src=\"https:\/\/www.nomas.fr\/wp-content\/uploads\/2024\/09\/3reddot-press-ceremony-copy-ncFU9-1.png\" class=\"attachment-medium_large size-medium_large\" alt=\"\" loading=\"lazy\" srcset=\"https:\/\/www.nomas.fr\/wp-content\/uploads\/2024\/09\/3reddot-press-ceremony-copy-ncFU9-1.png 586w, https:\/\/www.nomas.fr\/wp-content\/uploads\/2024\/09\/3reddot-press-ceremony-copy-ncFU9-1-300x205.png 300w, https:\/\/www.nomas.fr\/wp-content\/uploads\/2024\/09\/3reddot-press-ceremony-copy-ncFU9-1-500x341.png 500w\" sizes=\"auto, (max-width: 586px) 100vw, 586px\" \/>\n\t\t\t\t\n\t\t\t\n\t\t\t\n\t\t\t\t<div class=\"curl\"><\/div>\n\n\t\t\t\n\t\t<\/div>\n\n\t\t\t\t<\/div>\n\t\t\t\t<\/div>\n\t\t\t\t\t<\/div>\n\t\t<\/div>\n\t\t\t\t<div data-img-position=\"\" class=\"elementor-column elementor-col-33 elementor-top-column elementor-element elementor-element-4c9c03b\" data-id=\"4c9c03b\" data-element_type=\"column\" data-settings=\"{&quot;aos_animation_name&quot;:&quot;none&quot;}\">\n\t\t\t<div class=\"elementor-widget-wrap\">\n\t\t\t\t\t\t\t<\/div>\n\t\t<\/div>\n\t\t\t\t<div data-img-position=\"\" class=\"elementor-column elementor-col-33 elementor-top-column elementor-element elementor-element-4cd7428 sticky-parent\" data-id=\"4cd7428\" data-element_type=\"column\" data-settings=\"{&quot;aos_animation_name&quot;:&quot;none&quot;}\">\n\t\t\t<div class=\"elementor-widget-wrap elementor-element-populated\">\n\t\t\t\t\t\t<div data-aos=\"custom\" data-aos-delay=\"100\" data-aos-once=\"true\" class=\"elementor-element elementor-element-50e136a sticky-column elementor-widget elementor-widget-vlt-simple-image\" data-id=\"50e136a\" data-element_type=\"widget\" data-settings=\"{&quot;aos_animation_name&quot;:&quot;custom&quot;}\" data-widget_type=\"vlt-simple-image.default\">\n\t\t\t\t<div class=\"elementor-widget-container\">\n\t\t\t\n\t\t<div class=\"vlt-simple-image\">\n\n\t\t\t\n\t\t\t\n\t\t\t\t\n\t\t\t\t<img loading=\"lazy\" decoding=\"async\" width=\"600\" height=\"900\" src=\"https:\/\/www.nomas.fr\/wp-content\/uploads\/2024\/07\/gallix-1972_2.jpg\" class=\"attachment-full size-full\" alt=\"\" loading=\"lazy\" srcset=\"https:\/\/www.nomas.fr\/wp-content\/uploads\/2024\/07\/gallix-1972_2.jpg 600w, https:\/\/www.nomas.fr\/wp-content\/uploads\/2024\/07\/gallix-1972_2-200x300.jpg 200w, https:\/\/www.nomas.fr\/wp-content\/uploads\/2024\/07\/gallix-1972_2-500x750.jpg 500w\" sizes=\"auto, (max-width: 600px) 100vw, 600px\" \/>\n\t\t\t\t\n\t\t\t\n\t\t\t\n\t\t\t\t<div class=\"curl\"><\/div>\n\n\t\t\t\n\t\t<\/div>\n\n\t\t\t\t<\/div>\n\t\t\t\t<\/div>\n\t\t\t\t\t<\/div>\n\t\t<\/div>\n\t\t\t\t\t<\/div>\n\t\t<\/section>\n\t\t\t\t<\/div>\n\t\t","protected":false},"excerpt":{"rendered":"<p>HISTOIRE DE &#8230; Vincent Gallix, fondateur et designer de la marque, vit et travaille dans le Sud de la France. Enfant, il aime passer du temps dans l\u2019atelier d\u2019architecture de son grand \u2013 p\u00e8re et de son p\u00e8re, ou il d\u00e9couvre le processus cr\u00e9atif et l\u2019id\u00e9e du projet. Au d\u00e9but des ann\u00e9es 1970 il r\u00e9alise [&hellip;]<\/p>\n","protected":false},"author":1,"featured_media":0,"parent":0,"menu_order":27,"comment_status":"closed","ping_status":"closed","template":"template-custom-page.php","meta":{"_acf_changed":false,"_monsterinsights_skip_tracking":false,"_monsterinsights_sitenote_active":false,"_monsterinsights_sitenote_note":"","_monsterinsights_sitenote_category":0,"_vp_format_video_url":"","_vp_image_focal_point":[],"footnotes":""},"class_list":["post-3063","page","type-page","status-publish","hentry"],"acf":[],"_links":{"self":[{"href":"https:\/\/www.nomas.fr\/index.php?rest_route=\/wp\/v2\/pages\/3063","targetHints":{"allow":["GET"]}}],"collection":[{"href":"https:\/\/www.nomas.fr\/index.php?rest_route=\/wp\/v2\/pages"}],"about":[{"href":"https:\/\/www.nomas.fr\/index.php?rest_route=\/wp\/v2\/types\/page"}],"author":[{"embeddable":true,"href":"https:\/\/www.nomas.fr\/index.php?rest_route=\/wp\/v2\/users\/1"}],"replies":[{"embeddable":true,"href":"https:\/\/www.nomas.fr\/index.php?rest_route=%2Fwp%2Fv2%2Fcomments&post=3063"}],"version-history":[{"count":25,"href":"https:\/\/www.nomas.fr\/index.php?rest_route=\/wp\/v2\/pages\/3063\/revisions"}],"predecessor-version":[{"id":6775,"href":"https:\/\/www.nomas.fr\/index.php?rest_route=\/wp\/v2\/pages\/3063\/revisions\/6775"}],"wp:attachment":[{"href":"https:\/\/www.nomas.fr\/index.php?rest_route=%2Fwp%2Fv2%2Fmedia&parent=3063"}],"curies":[{"name":"wp","href":"https:\/\/api.w.org\/{rel}","templated":true}]}}